{"id":14393,"date":"2021-09-01T02:16:37","date_gmt":"2021-09-01T02:16:37","guid":{"rendered":"https:\/\/groupeloret.net\/declaration-de-performance-extra-financiere\/"},"modified":"2025-03-21T09:48:07","modified_gmt":"2025-03-21T09:48:07","slug":"declaration-de-performance-extra-financiere","status":"publish","type":"page","link":"https:\/\/groupeloret.net\/en\/declaration-de-performance-extra-financiere\/","title":{"rendered":"D\u00e9claration de Performance Extra Financi\u00e8re"},"content":{"rendered":"\t\t<div data-elementor-type=\"wp-page\" data-elementor-id=\"14393\" class=\"elementor elementor-14393 elementor-11745\" data-elementor-post-type=\"page\">\n\t\t\t\t\t\t<section class=\"elementor-section elementor-top-section elementor-element elementor-element-b4c0d72 elementor-section-boxed elementor-section-height-default elementor-section-height-default\" data-id=\"b4c0d72\" data-element_type=\"section\" data-e-type=\"section\">\n\t\t\t\t\t\t<div class=\"elementor-container elementor-column-gap-default\">\n\t\t\t\t\t<div class=\"elementor-column elementor-col-50 elementor-top-column elementor-element elementor-element-213e289\" data-id=\"213e289\" data-element_type=\"column\" data-e-type=\"column\">\n\t\t\t<div class=\"elementor-widget-wrap elementor-element-populated\">\n\t\t\t\t\t\t<div class=\"elementor-element elementor-element-e0094dc elementor-widget elementor-widget-image\" data-id=\"e0094dc\" data-element_type=\"widget\" data-e-type=\"widget\" data-widget_type=\"image.default\">\n\t\t\t\t\t\t\t\t\t\t\t\t\t\t\t\t<a href=\"https:\/\/i0.wp.com\/groupeloret.net\/wp-content\/uploads\/2025\/03\/loret-circle-finance-25-e1742550461934.png?ssl=1\" data-elementor-open-lightbox=\"yes\" data-elementor-lightbox-title=\"loret-circle-finance-25\" data-e-action-hash=\"#elementor-action%3Aaction%3Dlightbox%26settings%3DeyJpZCI6MjAwNDAsInVybCI6Imh0dHBzOlwvXC9ncm91cGVsb3JldC5uZXRcL3dwLWNvbnRlbnRcL3VwbG9hZHNcLzIwMjVcLzAzXC9sb3JldC1jaXJjbGUtZmluYW5jZS0yNS1lMTc0MjU1MDQ2MTkzNC5wbmcifQ%3D%3D\">\n\t\t\t\t\t\t\t<img fetchpriority=\"high\" decoding=\"async\" width=\"1024\" height=\"636\" src=\"https:\/\/i0.wp.com\/groupeloret.net\/wp-content\/uploads\/2025\/03\/loret-circle-finance-25-e1742550461934.png?fit=1024%2C636&amp;ssl=1\" class=\"attachment-large size-large wp-image-20040\" alt=\"\" \/>\t\t\t\t\t\t\t\t<\/a>\n\t\t\t\t\t\t\t\t\t\t\t\t\t\t\t<\/div>\n\t\t\t\t<div class=\"elementor-element elementor-element-c05308d elementor-widget elementor-widget-image\" data-id=\"c05308d\" data-element_type=\"widget\" data-e-type=\"widget\" data-widget_type=\"image.default\">\n\t\t\t\t\t\t\t\t\t\t\t\t\t\t\t\t<a href=\"https:\/\/i0.wp.com\/groupeloret.net\/wp-content\/uploads\/2024\/03\/GROUPE-LORET-RAPPORT-DPEF-EX-2023_Vdef-02.jpg?ssl=1\" data-elementor-open-lightbox=\"yes\" data-elementor-lightbox-title=\"GROUPE-LORET---RAPPORT-DPEF-EX-2023_Vdef-02\" data-e-action-hash=\"#elementor-action%3Aaction%3Dlightbox%26settings%3DeyJpZCI6MTg3MTQsInVybCI6Imh0dHBzOlwvXC9ncm91cGVsb3JldC5uZXRcL3dwLWNvbnRlbnRcL3VwbG9hZHNcLzIwMjRcLzAzXC9HUk9VUEUtTE9SRVQtUkFQUE9SVC1EUEVGLUVYLTIwMjNfVmRlZi0wMi5qcGcifQ%3D%3D\">\n\t\t\t\t\t\t\t<img decoding=\"async\" width=\"756\" height=\"850\" src=\"https:\/\/i0.wp.com\/groupeloret.net\/wp-content\/uploads\/2024\/03\/GROUPE-LORET-RAPPORT-DPEF-EX-2023_Vdef-02.jpg?fit=756%2C850&amp;ssl=1\" class=\"attachment-large size-large wp-image-18714\" alt=\"\" srcset=\"https:\/\/i0.wp.com\/groupeloret.net\/wp-content\/uploads\/2024\/03\/GROUPE-LORET-RAPPORT-DPEF-EX-2023_Vdef-02.jpg?w=756&amp;ssl=1 756w, https:\/\/i0.wp.com\/groupeloret.net\/wp-content\/uploads\/2024\/03\/GROUPE-LORET-RAPPORT-DPEF-EX-2023_Vdef-02.jpg?resize=267%2C300&amp;ssl=1 267w\" sizes=\"(max-width: 756px) 100vw, 756px\" \/>\t\t\t\t\t\t\t\t<\/a>\n\t\t\t\t\t\t\t\t\t\t\t\t\t\t\t<\/div>\n\t\t\t\t\t<\/div>\n\t\t<\/div>\n\t\t\t\t<div class=\"elementor-column elementor-col-50 elementor-top-column elementor-element elementor-element-1664f6b\" data-id=\"1664f6b\" data-element_type=\"column\" data-e-type=\"column\">\n\t\t\t<div class=\"elementor-widget-wrap elementor-element-populated\">\n\t\t\t\t\t\t<div class=\"elementor-element elementor-element-d7dec51 elementor-widget elementor-widget-pdfjs_viewer\" data-id=\"d7dec51\" data-element_type=\"widget\" data-e-type=\"widget\" data-widget_type=\"pdfjs_viewer.default\">\n\t\t\t\t<div class=\"elementor-widget-container\">\n\t\t\t\t\t<iframe src=\"https:\/\/groupeloret.net\/wp-content\/plugins\/pdf-viewer-for-elementor\/assets\/pdfjs\/web\/viewer.html?file=https:\/\/groupeloret.net\/wp-content\/uploads\/2024\/03\/GROUPE-LORET-RAPPORT-DPEF-EX-2023_Vdef.pdf&amp;embedded=true\" style=\"display: block; margin-left: auto; margin-right: auto; width: 640px; height: 1020px;\" frameborder=\"1\" marginheight=\"0px\" marginwidth=\"0px\" allowfullscreen><\/iframe>\t\t\t\t<\/div>\n\t\t\t\t<\/div>\n\t\t\t\t<div class=\"elementor-element elementor-element-4a3d008 elementor-hidden-desktop elementor-hidden-tablet elementor-hidden-mobile elementor-widget elementor-widget-pdf_viewer\" data-id=\"4a3d008\" data-element_type=\"widget\" data-e-type=\"widget\" data-widget_type=\"pdf_viewer.default\">\n\t\t\t\t<div class=\"elementor-widget-container\">\n\t\t\t\t\t<iframe src=\"https:\/\/docs.google.com\/viewer?url=https:\/\/groupeloret.net\/wp-content\/uploads\/2024\/03\/GROUPE-LORET-RAPPORT-DPEF-EX-2023_Vdef.pdf&amp;embedded=true\" style=\"display: block; margin-left: auto; margin-right: auto; width: 640px; height: 700px;\" frameborder=\"1\" marginheight=\"0px\" marginwidth=\"0px\" allowfullscreen><\/iframe>\t\t\t\t<\/div>\n\t\t\t\t<\/div>\n\t\t\t\t<div class=\"elementor-element elementor-element-04cee4f elementor-align-center elementor-widget elementor-widget-button\" data-id=\"04cee4f\" data-element_type=\"widget\" data-e-type=\"widget\" data-widget_type=\"button.default\">\n\t\t\t\t\t\t\t\t\t\t<a class=\"elementor-button elementor-button-link elementor-size-sm\" href=\"https:\/\/groupeloret.net\/wp-content\/uploads\/2024\/03\/GROUPE-LORET-RAPPORT-DPEF-EX-2023_Vdef.pdf\" rel=\"nofollow\">\n\t\t\t\t\t\t<span class=\"elementor-button-content-wrapper\">\n\t\t\t\t\t\t\t\t\t<span class=\"elementor-button-text\">T\u00e9l\u00e9charger<\/span>\n\t\t\t\t\t<\/span>\n\t\t\t\t\t<\/a>\n\t\t\t\t\t\t\t\t<\/div>\n\t\t\t\t<div class=\"elementor-element elementor-element-ccc212f hilang elementor-hidden-desktop elementor-hidden-tablet elementor-hidden-mobile elementor-widget elementor-widget-pdf_viewer\" data-id=\"ccc212f\" data-element_type=\"widget\" data-e-type=\"widget\" data-widget_type=\"pdf_viewer.default\">\n\t\t\t\t<div class=\"elementor-widget-container\">\n\t\t\t\t\t<iframe src=\"https:\/\/docs.google.com\/viewer?url=https:\/\/groupeloret.net\/wp-content\/uploads\/2021\/09\/Rapport-DPEF-2020-Vdef-26-03-2021.pdf&amp;embedded=true\" style=\"display: block; margin-left: auto; margin-right: auto; width: 640px; height: 450px;\" frameborder=\"1\" marginheight=\"0px\" marginwidth=\"0px\" allowfullscreen><\/iframe>\t\t\t\t<\/div>\n\t\t\t\t<\/div>\n\t\t\t\t\t<\/div>\n\t\t<\/div>\n\t\t\t\t\t<\/div>\n\t\t<\/section>\n\t\t\t\t<section class=\"elementor-section elementor-top-section elementor-element elementor-element-ccacce4 elementor-hidden-desktop elementor-hidden-tablet elementor-hidden-mobile elementor-section-boxed elementor-section-height-default elementor-section-height-default\" data-id=\"ccacce4\" data-element_type=\"section\" data-e-type=\"section\">\n\t\t\t\t\t\t<div class=\"elementor-container elementor-column-gap-default\">\n\t\t\t\t\t<div class=\"elementor-column elementor-col-50 elementor-top-column elementor-element elementor-element-fffdda1\" data-id=\"fffdda1\" data-element_type=\"column\" data-e-type=\"column\">\n\t\t\t<div class=\"elementor-widget-wrap elementor-element-populated\">\n\t\t\t\t\t\t<div class=\"elementor-element elementor-element-09b4dd4 elementor-widget elementor-widget-heading\" data-id=\"09b4dd4\" data-element_type=\"widget\" data-e-type=\"widget\" data-widget_type=\"heading.default\">\n\t\t\t\t\t<h2 class=\"elementor-heading-title elementor-size-default\">D\u00e9claration de Performance Extra Financi\u00e8re<\/h2>\t\t\t\t<\/div>\n\t\t\t\t<div class=\"elementor-element elementor-element-f9a95d0 elementor-widget elementor-widget-text-editor\" data-id=\"f9a95d0\" data-element_type=\"widget\" data-e-type=\"widget\" data-widget_type=\"text-editor.default\">\n\t\t\t\t\t\t\t\t\t<p><strong>QUI SOMMES-NOUS ?<\/strong><\/p><p>Le Groupe LORET, fort de son demi-si\u00e8cle d\u2019existence, a d\u00e9pass\u00e9 les fronti\u00e8res de sa r\u00e9gion d\u2019origine, la Guadeloupe. Il est devenu un Groupe ultramarin \u00e0 forte dimension carib\u00e9enne, fier de ses valeurs et de ses r\u00e9alisations, avec une grande ambition pour les territoires dans lesquels il op\u00e8re.<\/p>\t\t\t\t\t\t\t\t<\/div>\n\t\t\t\t\t<\/div>\n\t\t<\/div>\n\t\t\t\t<div class=\"elementor-column elementor-col-50 elementor-top-column elementor-element elementor-element-9f1074d\" data-id=\"9f1074d\" data-element_type=\"column\" data-e-type=\"column\">\n\t\t\t<div class=\"elementor-widget-wrap elementor-element-populated\">\n\t\t\t\t\t\t<div class=\"elementor-element elementor-element-c558eaa hilang elementor-widget elementor-widget-pdf_viewer\" data-id=\"c558eaa\" data-element_type=\"widget\" data-e-type=\"widget\" data-widget_type=\"pdf_viewer.default\">\n\t\t\t\t<div class=\"elementor-widget-container\">\n\t\t\t\t\t<iframe src=\"https:\/\/docs.google.com\/viewer?url=&amp;embedded=true\" style=\"display: block; margin-left: auto; margin-right: auto; width: 640px; height: 450px;\" frameborder=\"1\" marginheight=\"0px\" marginwidth=\"0px\" allowfullscreen><\/iframe>\t\t\t\t<\/div>\n\t\t\t\t<\/div>\n\t\t\t\t<div class=\"elementor-element elementor-element-2a33955 elementor-widget elementor-widget-pdf_viewer\" data-id=\"2a33955\" data-element_type=\"widget\" data-e-type=\"widget\" data-widget_type=\"pdf_viewer.default\">\n\t\t\t\t<div class=\"elementor-widget-container\">\n\t\t\t\t\t<iframe src=\"https:\/\/docs.google.com\/viewer?url=https:\/\/groupeloret.net\/wp-content\/uploads\/2021\/09\/Rapport-DPEF-2020-Vdef-26-03-2021.pdf&amp;embedded=true\" style=\"display: block; margin-left: auto; margin-right: auto; width: 640px; height: 450px;\" frameborder=\"1\" marginheight=\"0px\" marginwidth=\"0px\" allowfullscreen><\/iframe>\t\t\t\t<\/div>\n\t\t\t\t<\/div>\n\t\t\t\t<div class=\"elementor-element elementor-element-1c95693 elementor-align-center elementor-widget elementor-widget-button\" data-id=\"1c95693\" data-element_type=\"widget\" data-e-type=\"widget\" data-widget_type=\"button.default\">\n\t\t\t\t\t\t\t\t\t\t<a class=\"elementor-button elementor-button-link elementor-size-sm\" href=\"https:\/\/groupeloret.net\/wp-content\/uploads\/2021\/09\/Rapport-DPEF-2020-Vdef-26-03-2021.pdf\" rel=\"nofollow\">\n\t\t\t\t\t\t<span class=\"elementor-button-content-wrapper\">\n\t\t\t\t\t\t\t\t\t<span class=\"elementor-button-text\">T\u00e9l\u00e9charger<\/span>\n\t\t\t\t\t<\/span>\n\t\t\t\t\t<\/a>\n\t\t\t\t\t\t\t\t<\/div>\n\t\t\t\t\t<\/div>\n\t\t<\/div>\n\t\t\t\t\t<\/div>\n\t\t<\/section>\n\t\t\t\t<\/div>\n\t\t","protected":false},"excerpt":{"rendered":"<p>T\u00e9l\u00e9charger D\u00e9claration de Performance Extra Financi\u00e8re QUI SOMMES-NOUS ? Le Groupe LORET, fort de son demi-si\u00e8cle d\u2019existence, a d\u00e9pass\u00e9 les fronti\u00e8res de sa r\u00e9gion d\u2019origine, la Guadeloupe. Il est devenu un Groupe ultramarin \u00e0 forte dimension carib\u00e9enne, fier de ses valeurs et de ses r\u00e9alisations, avec une grande ambition pour les territoires dans lesquels il&hellip;&nbsp;<\/p>\n","protected":false},"author":1,"featured_media":14225,"parent":0,"menu_order":0,"comment_status":"closed","ping_status":"closed","template":"elementor_header_footer","meta":{"neve_meta_sidebar":"","neve_meta_container":"","neve_meta_enable_content_width":"","neve_meta_content_width":0,"neve_meta_title_alignment":"","neve_meta_author_avatar":"","neve_post_elements_order":"","neve_meta_disable_header":"","neve_meta_disable_footer":"","neve_meta_disable_title":"","iawp_total_views":23,"footnotes":""},"class_list":["post-14393","page","type-page","status-publish","has-post-thumbnail","hentry"],"yoast_head":"<!-- This site is optimized with the Yoast SEO plugin v27.3 - https:\/\/yoast.com\/product\/yoast-seo-wordpress\/ -->\n<title>D\u00e9claration de Performance Extra Financi\u00e8re | Groupe Loret<\/title>\n<meta name=\"robots\" content=\"index, follow, max-snippet:-1, max-image-preview:large, max-video-preview:-1\" \/>\n<link rel=\"canonical\" href=\"https:\/\/groupeloret.net\/en\/declaration-de-performance-extra-financiere\/\" \/>\n<meta property=\"og:locale\" content=\"en_US\" \/>\n<meta property=\"og:type\" content=\"article\" \/>\n<meta property=\"og:title\" content=\"D\u00e9claration de Performance Extra Financi\u00e8re | Groupe Loret\" \/>\n<meta property=\"og:description\" content=\"T\u00e9l\u00e9charger D\u00e9claration de Performance Extra Financi\u00e8re QUI SOMMES-NOUS ? Le Groupe LORET, fort de son demi-si\u00e8cle d\u2019existence, a d\u00e9pass\u00e9 les fronti\u00e8res de sa r\u00e9gion d\u2019origine, la Guadeloupe. Il est devenu un Groupe ultramarin \u00e0 forte dimension carib\u00e9enne, fier de ses valeurs et de ses r\u00e9alisations, avec une grande ambition pour les territoires dans lesquels il&hellip;&nbsp;\" \/>\n<meta property=\"og:url\" content=\"https:\/\/groupeloret.net\/en\/declaration-de-performance-extra-financiere\/\" \/>\n<meta property=\"og:site_name\" content=\"Groupe Loret\" \/>\n<meta property=\"article:modified_time\" content=\"2025-03-21T09:48:07+00:00\" \/>\n<meta property=\"og:image\" content=\"https:\/\/groupeloret.net\/wp-content\/uploads\/2021\/09\/cover-2-Small.jpg\" \/>\n\t<meta property=\"og:image:width\" content=\"854\" \/>\n\t<meta property=\"og:image:height\" content=\"280\" \/>\n\t<meta property=\"og:image:type\" content=\"image\/jpeg\" \/>\n<meta name=\"twitter:card\" content=\"summary_large_image\" \/>\n<script type=\"application\/ld+json\" class=\"yoast-schema-graph\">{\"@context\":\"https:\\\/\\\/schema.org\",\"@graph\":[{\"@type\":\"WebPage\",\"@id\":\"https:\\\/\\\/groupeloret.net\\\/en\\\/declaration-de-performance-extra-financiere\\\/\",\"url\":\"https:\\\/\\\/groupeloret.net\\\/en\\\/declaration-de-performance-extra-financiere\\\/\",\"name\":\"D\u00e9claration de Performance Extra Financi\u00e8re | Groupe Loret\",\"isPartOf\":{\"@id\":\"https:\\\/\\\/groupeloret.net\\\/#website\"},\"primaryImageOfPage\":{\"@id\":\"https:\\\/\\\/groupeloret.net\\\/en\\\/declaration-de-performance-extra-financiere\\\/#primaryimage\"},\"image\":{\"@id\":\"https:\\\/\\\/groupeloret.net\\\/en\\\/declaration-de-performance-extra-financiere\\\/#primaryimage\"},\"thumbnailUrl\":\"https:\\\/\\\/i0.wp.com\\\/groupeloret.net\\\/wp-content\\\/uploads\\\/2021\\\/09\\\/cover-2-Small.jpg?fit=854%2C280&ssl=1\",\"datePublished\":\"2021-09-01T02:16:37+00:00\",\"dateModified\":\"2025-03-21T09:48:07+00:00\",\"breadcrumb\":{\"@id\":\"https:\\\/\\\/groupeloret.net\\\/en\\\/declaration-de-performance-extra-financiere\\\/#breadcrumb\"},\"inLanguage\":\"en-US\",\"potentialAction\":[{\"@type\":\"ReadAction\",\"target\":[\"https:\\\/\\\/groupeloret.net\\\/en\\\/declaration-de-performance-extra-financiere\\\/\"]}]},{\"@type\":\"ImageObject\",\"inLanguage\":\"en-US\",\"@id\":\"https:\\\/\\\/groupeloret.net\\\/en\\\/declaration-de-performance-extra-financiere\\\/#primaryimage\",\"url\":\"https:\\\/\\\/i0.wp.com\\\/groupeloret.net\\\/wp-content\\\/uploads\\\/2021\\\/09\\\/cover-2-Small.jpg?fit=854%2C280&ssl=1\",\"contentUrl\":\"https:\\\/\\\/i0.wp.com\\\/groupeloret.net\\\/wp-content\\\/uploads\\\/2021\\\/09\\\/cover-2-Small.jpg?fit=854%2C280&ssl=1\",\"width\":854,\"height\":280,\"caption\":\"Building Cityscape\"},{\"@type\":\"BreadcrumbList\",\"@id\":\"https:\\\/\\\/groupeloret.net\\\/en\\\/declaration-de-performance-extra-financiere\\\/#breadcrumb\",\"itemListElement\":[{\"@type\":\"ListItem\",\"position\":1,\"name\":\"Home\",\"item\":\"https:\\\/\\\/groupeloret.net\\\/\"},{\"@type\":\"ListItem\",\"position\":2,\"name\":\"D\u00e9claration de Performance Extra Financi\u00e8re\"}]},{\"@type\":\"WebSite\",\"@id\":\"https:\\\/\\\/groupeloret.net\\\/#website\",\"url\":\"https:\\\/\\\/groupeloret.net\\\/\",\"name\":\"Groupe Loret\",\"description\":\"Groupe Loret, leader Ultra-Marin de la distribution de marques et de services.\",\"publisher\":{\"@id\":\"https:\\\/\\\/groupeloret.net\\\/#organization\"},\"potentialAction\":[{\"@type\":\"SearchAction\",\"target\":{\"@type\":\"EntryPoint\",\"urlTemplate\":\"https:\\\/\\\/groupeloret.net\\\/?s={search_term_string}\"},\"query-input\":{\"@type\":\"PropertyValueSpecification\",\"valueRequired\":true,\"valueName\":\"search_term_string\"}}],\"inLanguage\":\"en-US\"},{\"@type\":\"Organization\",\"@id\":\"https:\\\/\\\/groupeloret.net\\\/#organization\",\"name\":\"Groupe Loret\",\"url\":\"https:\\\/\\\/groupeloret.net\\\/\",\"logo\":{\"@type\":\"ImageObject\",\"inLanguage\":\"en-US\",\"@id\":\"https:\\\/\\\/groupeloret.net\\\/#\\\/schema\\\/logo\\\/image\\\/\",\"url\":\"https:\\\/\\\/i0.wp.com\\\/groupeloret.net\\\/wp-content\\\/uploads\\\/2020\\\/12\\\/logo.jpg?fit=533%2C376&ssl=1\",\"contentUrl\":\"https:\\\/\\\/i0.wp.com\\\/groupeloret.net\\\/wp-content\\\/uploads\\\/2020\\\/12\\\/logo.jpg?fit=533%2C376&ssl=1\",\"width\":533,\"height\":376,\"caption\":\"Groupe Loret\"},\"image\":{\"@id\":\"https:\\\/\\\/groupeloret.net\\\/#\\\/schema\\\/logo\\\/image\\\/\"}}]}<\/script>\n<!-- \/ Yoast SEO plugin. -->","yoast_head_json":{"title":"D\u00e9claration de Performance Extra Financi\u00e8re | Groupe Loret","robots":{"index":"index","follow":"follow","max-snippet":"max-snippet:-1","max-image-preview":"max-image-preview:large","max-video-preview":"max-video-preview:-1"},"canonical":"https:\/\/groupeloret.net\/en\/declaration-de-performance-extra-financiere\/","og_locale":"en_US","og_type":"article","og_title":"D\u00e9claration de Performance Extra Financi\u00e8re | Groupe Loret","og_description":"T\u00e9l\u00e9charger D\u00e9claration de Performance Extra Financi\u00e8re QUI SOMMES-NOUS ? Le Groupe LORET, fort de son demi-si\u00e8cle d\u2019existence, a d\u00e9pass\u00e9 les fronti\u00e8res de sa r\u00e9gion d\u2019origine, la Guadeloupe. Il est devenu un Groupe ultramarin \u00e0 forte dimension carib\u00e9enne, fier de ses valeurs et de ses r\u00e9alisations, avec une grande ambition pour les territoires dans lesquels il&hellip;&nbsp;","og_url":"https:\/\/groupeloret.net\/en\/declaration-de-performance-extra-financiere\/","og_site_name":"Groupe Loret","article_modified_time":"2025-03-21T09:48:07+00:00","og_image":[{"width":854,"height":280,"url":"https:\/\/groupeloret.net\/wp-content\/uploads\/2021\/09\/cover-2-Small.jpg","type":"image\/jpeg"}],"twitter_card":"summary_large_image","schema":{"@context":"https:\/\/schema.org","@graph":[{"@type":"WebPage","@id":"https:\/\/groupeloret.net\/en\/declaration-de-performance-extra-financiere\/","url":"https:\/\/groupeloret.net\/en\/declaration-de-performance-extra-financiere\/","name":"D\u00e9claration de Performance Extra Financi\u00e8re | Groupe Loret","isPartOf":{"@id":"https:\/\/groupeloret.net\/#website"},"primaryImageOfPage":{"@id":"https:\/\/groupeloret.net\/en\/declaration-de-performance-extra-financiere\/#primaryimage"},"image":{"@id":"https:\/\/groupeloret.net\/en\/declaration-de-performance-extra-financiere\/#primaryimage"},"thumbnailUrl":"https:\/\/i0.wp.com\/groupeloret.net\/wp-content\/uploads\/2021\/09\/cover-2-Small.jpg?fit=854%2C280&ssl=1","datePublished":"2021-09-01T02:16:37+00:00","dateModified":"2025-03-21T09:48:07+00:00","breadcrumb":{"@id":"https:\/\/groupeloret.net\/en\/declaration-de-performance-extra-financiere\/#breadcrumb"},"inLanguage":"en-US","potentialAction":[{"@type":"ReadAction","target":["https:\/\/groupeloret.net\/en\/declaration-de-performance-extra-financiere\/"]}]},{"@type":"ImageObject","inLanguage":"en-US","@id":"https:\/\/groupeloret.net\/en\/declaration-de-performance-extra-financiere\/#primaryimage","url":"https:\/\/i0.wp.com\/groupeloret.net\/wp-content\/uploads\/2021\/09\/cover-2-Small.jpg?fit=854%2C280&ssl=1","contentUrl":"https:\/\/i0.wp.com\/groupeloret.net\/wp-content\/uploads\/2021\/09\/cover-2-Small.jpg?fit=854%2C280&ssl=1","width":854,"height":280,"caption":"Building Cityscape"},{"@type":"BreadcrumbList","@id":"https:\/\/groupeloret.net\/en\/declaration-de-performance-extra-financiere\/#breadcrumb","itemListElement":[{"@type":"ListItem","position":1,"name":"Home","item":"https:\/\/groupeloret.net\/"},{"@type":"ListItem","position":2,"name":"D\u00e9claration de Performance Extra Financi\u00e8re"}]},{"@type":"WebSite","@id":"https:\/\/groupeloret.net\/#website","url":"https:\/\/groupeloret.net\/","name":"Groupe Loret","description":"Groupe Loret, leader Ultra-Marin de la distribution de marques et de services.","publisher":{"@id":"https:\/\/groupeloret.net\/#organization"},"potentialAction":[{"@type":"SearchAction","target":{"@type":"EntryPoint","urlTemplate":"https:\/\/groupeloret.net\/?s={search_term_string}"},"query-input":{"@type":"PropertyValueSpecification","valueRequired":true,"valueName":"search_term_string"}}],"inLanguage":"en-US"},{"@type":"Organization","@id":"https:\/\/groupeloret.net\/#organization","name":"Groupe Loret","url":"https:\/\/groupeloret.net\/","logo":{"@type":"ImageObject","inLanguage":"en-US","@id":"https:\/\/groupeloret.net\/#\/schema\/logo\/image\/","url":"https:\/\/i0.wp.com\/groupeloret.net\/wp-content\/uploads\/2020\/12\/logo.jpg?fit=533%2C376&ssl=1","contentUrl":"https:\/\/i0.wp.com\/groupeloret.net\/wp-content\/uploads\/2020\/12\/logo.jpg?fit=533%2C376&ssl=1","width":533,"height":376,"caption":"Groupe Loret"},"image":{"@id":"https:\/\/groupeloret.net\/#\/schema\/logo\/image\/"}}]}},"jetpack_shortlink":"https:\/\/wp.me\/PdHWWP-3K9","jetpack_sharing_enabled":true,"_links":{"self":[{"href":"https:\/\/groupeloret.net\/en\/wp-json\/wp\/v2\/pages\/14393","targetHints":{"allow":["GET"]}}],"collection":[{"href":"https:\/\/groupeloret.net\/en\/wp-json\/wp\/v2\/pages"}],"about":[{"href":"https:\/\/groupeloret.net\/en\/wp-json\/wp\/v2\/types\/page"}],"author":[{"embeddable":true,"href":"https:\/\/groupeloret.net\/en\/wp-json\/wp\/v2\/users\/1"}],"replies":[{"embeddable":true,"href":"https:\/\/groupeloret.net\/en\/wp-json\/wp\/v2\/comments?post=14393"}],"version-history":[{"count":17,"href":"https:\/\/groupeloret.net\/en\/wp-json\/wp\/v2\/pages\/14393\/revisions"}],"predecessor-version":[{"id":20057,"href":"https:\/\/groupeloret.net\/en\/wp-json\/wp\/v2\/pages\/14393\/revisions\/20057"}],"wp:featuredmedia":[{"embeddable":true,"href":"https:\/\/groupeloret.net\/en\/wp-json\/wp\/v2\/media\/14225"}],"wp:attachment":[{"href":"https:\/\/groupeloret.net\/en\/wp-json\/wp\/v2\/media?parent=14393"}],"curies":[{"name":"wp","href":"https:\/\/api.w.org\/{rel}","templated":true}]}}