{"id":14391,"date":"2021-09-03T08:35:04","date_gmt":"2021-09-03T08:35:04","guid":{"rendered":"https:\/\/groupeloret.net\/contactez-nous\/"},"modified":"2022-01-17T08:00:12","modified_gmt":"2022-01-17T08:00:12","slug":"contactez-nous","status":"publish","type":"page","link":"https:\/\/groupeloret.net\/en\/contactez-nous\/","title":{"rendered":"Contact Us"},"content":{"rendered":"\t\t<div data-elementor-type=\"wp-page\" data-elementor-id=\"14391\" class=\"elementor elementor-14391 elementor-12171\" data-elementor-post-type=\"page\">\n\t\t\t\t\t\t<section class=\"elementor-section elementor-top-section elementor-element elementor-element-f5359b3 elementor-section-boxed elementor-section-height-default elementor-section-height-default\" data-id=\"f5359b3\" data-element_type=\"section\" data-e-type=\"section\">\n\t\t\t\t\t\t<div class=\"elementor-container elementor-column-gap-default\">\n\t\t\t\t\t<div class=\"elementor-column elementor-col-100 elementor-top-column elementor-element elementor-element-018d6f6\" data-id=\"018d6f6\" data-element_type=\"column\" data-e-type=\"column\">\n\t\t\t<div class=\"elementor-widget-wrap elementor-element-populated\">\n\t\t\t\t\t\t<section class=\"elementor-section elementor-inner-section elementor-element elementor-element-3ae23fc elementor-section-boxed elementor-section-height-default elementor-section-height-default\" data-id=\"3ae23fc\" data-element_type=\"section\" data-e-type=\"section\">\n\t\t\t\t\t\t<div class=\"elementor-container elementor-column-gap-default\">\n\t\t\t\t\t<div class=\"elementor-column elementor-col-100 elementor-inner-column elementor-element elementor-element-fcd7ac3\" data-id=\"fcd7ac3\" data-element_type=\"column\" data-e-type=\"column\">\n\t\t\t<div class=\"elementor-widget-wrap elementor-element-populated\">\n\t\t\t\t\t\t<div class=\"elementor-element elementor-element-ce424dd elementor-widget elementor-widget-heading\" data-id=\"ce424dd\" data-element_type=\"widget\" data-e-type=\"widget\" data-widget_type=\"heading.default\">\n\t\t\t\t\t<h3 class=\"elementor-heading-title elementor-size-default\">BY e-mail<\/h3>\t\t\t\t<\/div>\n\t\t\t\t<div class=\"elementor-element elementor-element-4f097a1 elementor-widget-divider--view-line elementor-widget elementor-widget-divider\" data-id=\"4f097a1\" data-element_type=\"widget\" data-e-type=\"widget\" data-widget_type=\"divider.default\">\n\t\t\t\t\t\t\t<div class=\"elementor-divider\">\n\t\t\t<span class=\"elementor-divider-separator\">\n\t\t\t\t\t\t<\/span>\n\t\t<\/div>\n\t\t\t\t\t\t<\/div>\n\t\t\t\t<div class=\"elementor-element elementor-element-a1c0f12 elementor-widget elementor-widget-text-editor\" data-id=\"a1c0f12\" data-element_type=\"widget\" data-e-type=\"widget\" data-widget_type=\"text-editor.default\">\n\t\t\t\t\t\t\t\t\t<p>For any information about one of our companies products, or services, please use the form below.<\/p>\t\t\t\t\t\t\t\t<\/div>\n\t\t\t\t\t<\/div>\n\t\t<\/div>\n\t\t\t\t\t<\/div>\n\t\t<\/section>\n\t\t\t\t<section class=\"elementor-section elementor-inner-section elementor-element elementor-element-bdbcb73 elementor-section-boxed elementor-section-height-default elementor-section-height-default\" data-id=\"bdbcb73\" data-element_type=\"section\" data-e-type=\"section\">\n\t\t\t\t\t\t<div class=\"elementor-container elementor-column-gap-default\">\n\t\t\t\t\t<div class=\"elementor-column elementor-col-100 elementor-inner-column elementor-element elementor-element-1045da5\" data-id=\"1045da5\" data-element_type=\"column\" data-e-type=\"column\">\n\t\t\t<div class=\"elementor-widget-wrap elementor-element-populated\">\n\t\t\t\t\t\t\t<\/div>\n\t\t<\/div>\n\t\t\t\t\t<\/div>\n\t\t<\/section>\n\t\t\t\t<section class=\"elementor-section elementor-inner-section elementor-element elementor-element-9d8f604 elementor-section-boxed elementor-section-height-default elementor-section-height-default\" data-id=\"9d8f604\" data-element_type=\"section\" data-e-type=\"section\">\n\t\t\t\t\t\t<div class=\"elementor-container elementor-column-gap-default\">\n\t\t\t\t\t<div class=\"elementor-column elementor-col-100 elementor-inner-column elementor-element elementor-element-49f582d\" data-id=\"49f582d\" data-element_type=\"column\" data-e-type=\"column\">\n\t\t\t<div class=\"elementor-widget-wrap elementor-element-populated\">\n\t\t\t\t\t\t<div class=\"elementor-element elementor-element-4c375f6 elementor-widget elementor-widget-heading\" data-id=\"4c375f6\" data-element_type=\"widget\" data-e-type=\"widget\" data-widget_type=\"heading.default\">\n\t\t\t\t\t<h3 class=\"elementor-heading-title elementor-size-default\">BY MAIL OR TELEPHONE<\/h3>\t\t\t\t<\/div>\n\t\t\t\t<div class=\"elementor-element elementor-element-1599038 elementor-widget-divider--view-line elementor-widget elementor-widget-divider\" data-id=\"1599038\" data-element_type=\"widget\" data-e-type=\"widget\" data-widget_type=\"divider.default\">\n\t\t\t\t\t\t\t<div class=\"elementor-divider\">\n\t\t\t<span class=\"elementor-divider-separator\">\n\t\t\t\t\t\t<\/span>\n\t\t<\/div>\n\t\t\t\t\t\t<\/div>\n\t\t\t\t<div class=\"elementor-element elementor-element-7095f9c elementor-widget elementor-widget-text-editor\" data-id=\"7095f9c\" data-element_type=\"widget\" data-e-type=\"widget\" data-widget_type=\"text-editor.default\">\n\t\t\t\t\t\t\t\t\t<p>Tour S\u00e9cid 8\u00e8me \u00e9tage , Place de la R\u00e9novation<br \/>97110 Pointe-\u00e0-Pitre , RCS Pointe \u00e0 Pitre B 303 121 842<br \/>Tel : 0590 21 29 70 , Fax : 0590 90 11 85<\/p>\t\t\t\t\t\t\t\t<\/div>\n\t\t\t\t\t<\/div>\n\t\t<\/div>\n\t\t\t\t\t<\/div>\n\t\t<\/section>\n\t\t\t\t\t<\/div>\n\t\t<\/div>\n\t\t\t\t\t<\/div>\n\t\t<\/section>\n\t\t\t\t<\/div>\n\t\t","protected":false},"excerpt":{"rendered":"<p>BY e-mail For any information about one of our companies products, or services, please use the form below. BY MAIL OR TELEPHONE Tour S\u00e9cid 8\u00e8me \u00e9tage , Place de la R\u00e9novation97110 Pointe-\u00e0-Pitre , RCS Pointe \u00e0 Pitre B 303 121 842Tel : 0590 21 29 70 , Fax : 0590 90 11 85<\/p>\n","protected":false},"author":1,"featured_media":14279,"parent":0,"menu_order":0,"comment_status":"closed","ping_status":"closed","template":"elementor_header_footer","meta":{"neve_meta_sidebar":"","neve_meta_container":"","neve_meta_enable_content_width":"","neve_meta_content_width":0,"neve_meta_title_alignment":"","neve_meta_author_avatar":"","neve_post_elements_order":"","neve_meta_disable_header":"","neve_meta_disable_footer":"","neve_meta_disable_title":"","iawp_total_views":517,"footnotes":""},"class_list":["post-14391","page","type-page","status-publish","has-post-thumbnail","hentry"],"yoast_head":"<!-- This site is optimized with the Yoast SEO plugin v27.3 - https:\/\/yoast.com\/product\/yoast-seo-wordpress\/ -->\n<title>Contact Us | Groupe Loret<\/title>\n<meta name=\"robots\" content=\"index, follow, max-snippet:-1, max-image-preview:large, max-video-preview:-1\" \/>\n<link rel=\"canonical\" href=\"https:\/\/groupeloret.net\/en\/contactez-nous\/\" \/>\n<meta property=\"og:locale\" content=\"en_US\" \/>\n<meta property=\"og:type\" content=\"article\" \/>\n<meta property=\"og:title\" content=\"Contact Us | Groupe Loret\" \/>\n<meta property=\"og:description\" content=\"BY e-mail For any information about one of our companies products, or services, please use the form below. BY MAIL OR TELEPHONE Tour S\u00e9cid 8\u00e8me \u00e9tage , Place de la R\u00e9novation97110 Pointe-\u00e0-Pitre , RCS Pointe \u00e0 Pitre B 303 121 842Tel : 0590 21 29 70 , Fax : 0590 90 11 85\" \/>\n<meta property=\"og:url\" content=\"https:\/\/groupeloret.net\/en\/contactez-nous\/\" \/>\n<meta property=\"og:site_name\" content=\"Groupe Loret\" \/>\n<meta property=\"article:modified_time\" content=\"2022-01-17T08:00:12+00:00\" \/>\n<meta property=\"og:image\" content=\"https:\/\/i0.wp.com\/groupeloret.net\/wp-content\/uploads\/2021\/10\/cover-3-Small.jpg?fit=854%2C280&ssl=1\" \/>\n\t<meta property=\"og:image:width\" content=\"854\" \/>\n\t<meta property=\"og:image:height\" content=\"280\" \/>\n\t<meta property=\"og:image:type\" content=\"image\/jpeg\" \/>\n<meta name=\"twitter:card\" content=\"summary_large_image\" \/>\n<meta name=\"twitter:label1\" content=\"Est. reading time\" \/>\n\t<meta name=\"twitter:data1\" content=\"1 minute\" \/>\n<script type=\"application\/ld+json\" class=\"yoast-schema-graph\">{\"@context\":\"https:\\\/\\\/schema.org\",\"@graph\":[{\"@type\":\"WebPage\",\"@id\":\"https:\\\/\\\/groupeloret.net\\\/en\\\/contactez-nous\\\/\",\"url\":\"https:\\\/\\\/groupeloret.net\\\/en\\\/contactez-nous\\\/\",\"name\":\"Contact Us | Groupe Loret\",\"isPartOf\":{\"@id\":\"https:\\\/\\\/groupeloret.net\\\/#website\"},\"primaryImageOfPage\":{\"@id\":\"https:\\\/\\\/groupeloret.net\\\/en\\\/contactez-nous\\\/#primaryimage\"},\"image\":{\"@id\":\"https:\\\/\\\/groupeloret.net\\\/en\\\/contactez-nous\\\/#primaryimage\"},\"thumbnailUrl\":\"https:\\\/\\\/i0.wp.com\\\/groupeloret.net\\\/wp-content\\\/uploads\\\/2021\\\/10\\\/cover-3-Small.jpg?fit=854%2C280&ssl=1\",\"datePublished\":\"2021-09-03T08:35:04+00:00\",\"dateModified\":\"2022-01-17T08:00:12+00:00\",\"breadcrumb\":{\"@id\":\"https:\\\/\\\/groupeloret.net\\\/en\\\/contactez-nous\\\/#breadcrumb\"},\"inLanguage\":\"en-US\",\"potentialAction\":[{\"@type\":\"ReadAction\",\"target\":[\"https:\\\/\\\/groupeloret.net\\\/en\\\/contactez-nous\\\/\"]}]},{\"@type\":\"ImageObject\",\"inLanguage\":\"en-US\",\"@id\":\"https:\\\/\\\/groupeloret.net\\\/en\\\/contactez-nous\\\/#primaryimage\",\"url\":\"https:\\\/\\\/i0.wp.com\\\/groupeloret.net\\\/wp-content\\\/uploads\\\/2021\\\/10\\\/cover-3-Small.jpg?fit=854%2C280&ssl=1\",\"contentUrl\":\"https:\\\/\\\/i0.wp.com\\\/groupeloret.net\\\/wp-content\\\/uploads\\\/2021\\\/10\\\/cover-3-Small.jpg?fit=854%2C280&ssl=1\",\"width\":854,\"height\":280},{\"@type\":\"BreadcrumbList\",\"@id\":\"https:\\\/\\\/groupeloret.net\\\/en\\\/contactez-nous\\\/#breadcrumb\",\"itemListElement\":[{\"@type\":\"ListItem\",\"position\":1,\"name\":\"Home\",\"item\":\"https:\\\/\\\/groupeloret.net\\\/\"},{\"@type\":\"ListItem\",\"position\":2,\"name\":\"Contact Us\"}]},{\"@type\":\"WebSite\",\"@id\":\"https:\\\/\\\/groupeloret.net\\\/#website\",\"url\":\"https:\\\/\\\/groupeloret.net\\\/\",\"name\":\"Groupe Loret\",\"description\":\"Groupe Loret, leader Ultra-Marin de la distribution de marques et de services.\",\"publisher\":{\"@id\":\"https:\\\/\\\/groupeloret.net\\\/#organization\"},\"potentialAction\":[{\"@type\":\"SearchAction\",\"target\":{\"@type\":\"EntryPoint\",\"urlTemplate\":\"https:\\\/\\\/groupeloret.net\\\/?s={search_term_string}\"},\"query-input\":{\"@type\":\"PropertyValueSpecification\",\"valueRequired\":true,\"valueName\":\"search_term_string\"}}],\"inLanguage\":\"en-US\"},{\"@type\":\"Organization\",\"@id\":\"https:\\\/\\\/groupeloret.net\\\/#organization\",\"name\":\"Groupe Loret\",\"url\":\"https:\\\/\\\/groupeloret.net\\\/\",\"logo\":{\"@type\":\"ImageObject\",\"inLanguage\":\"en-US\",\"@id\":\"https:\\\/\\\/groupeloret.net\\\/#\\\/schema\\\/logo\\\/image\\\/\",\"url\":\"https:\\\/\\\/i0.wp.com\\\/groupeloret.net\\\/wp-content\\\/uploads\\\/2020\\\/12\\\/logo.jpg?fit=533%2C376&ssl=1\",\"contentUrl\":\"https:\\\/\\\/i0.wp.com\\\/groupeloret.net\\\/wp-content\\\/uploads\\\/2020\\\/12\\\/logo.jpg?fit=533%2C376&ssl=1\",\"width\":533,\"height\":376,\"caption\":\"Groupe Loret\"},\"image\":{\"@id\":\"https:\\\/\\\/groupeloret.net\\\/#\\\/schema\\\/logo\\\/image\\\/\"}}]}<\/script>\n<!-- \/ Yoast SEO plugin. -->","yoast_head_json":{"title":"Contact Us | Groupe Loret","robots":{"index":"index","follow":"follow","max-snippet":"max-snippet:-1","max-image-preview":"max-image-preview:large","max-video-preview":"max-video-preview:-1"},"canonical":"https:\/\/groupeloret.net\/en\/contactez-nous\/","og_locale":"en_US","og_type":"article","og_title":"Contact Us | Groupe Loret","og_description":"BY e-mail For any information about one of our companies products, or services, please use the form below. BY MAIL OR TELEPHONE Tour S\u00e9cid 8\u00e8me \u00e9tage , Place de la R\u00e9novation97110 Pointe-\u00e0-Pitre , RCS Pointe \u00e0 Pitre B 303 121 842Tel : 0590 21 29 70 , Fax : 0590 90 11 85","og_url":"https:\/\/groupeloret.net\/en\/contactez-nous\/","og_site_name":"Groupe Loret","article_modified_time":"2022-01-17T08:00:12+00:00","og_image":[{"width":854,"height":280,"url":"https:\/\/i0.wp.com\/groupeloret.net\/wp-content\/uploads\/2021\/10\/cover-3-Small.jpg?fit=854%2C280&ssl=1","type":"image\/jpeg"}],"twitter_card":"summary_large_image","twitter_misc":{"Est. reading time":"1 minute"},"schema":{"@context":"https:\/\/schema.org","@graph":[{"@type":"WebPage","@id":"https:\/\/groupeloret.net\/en\/contactez-nous\/","url":"https:\/\/groupeloret.net\/en\/contactez-nous\/","name":"Contact Us | Groupe Loret","isPartOf":{"@id":"https:\/\/groupeloret.net\/#website"},"primaryImageOfPage":{"@id":"https:\/\/groupeloret.net\/en\/contactez-nous\/#primaryimage"},"image":{"@id":"https:\/\/groupeloret.net\/en\/contactez-nous\/#primaryimage"},"thumbnailUrl":"https:\/\/i0.wp.com\/groupeloret.net\/wp-content\/uploads\/2021\/10\/cover-3-Small.jpg?fit=854%2C280&ssl=1","datePublished":"2021-09-03T08:35:04+00:00","dateModified":"2022-01-17T08:00:12+00:00","breadcrumb":{"@id":"https:\/\/groupeloret.net\/en\/contactez-nous\/#breadcrumb"},"inLanguage":"en-US","potentialAction":[{"@type":"ReadAction","target":["https:\/\/groupeloret.net\/en\/contactez-nous\/"]}]},{"@type":"ImageObject","inLanguage":"en-US","@id":"https:\/\/groupeloret.net\/en\/contactez-nous\/#primaryimage","url":"https:\/\/i0.wp.com\/groupeloret.net\/wp-content\/uploads\/2021\/10\/cover-3-Small.jpg?fit=854%2C280&ssl=1","contentUrl":"https:\/\/i0.wp.com\/groupeloret.net\/wp-content\/uploads\/2021\/10\/cover-3-Small.jpg?fit=854%2C280&ssl=1","width":854,"height":280},{"@type":"BreadcrumbList","@id":"https:\/\/groupeloret.net\/en\/contactez-nous\/#breadcrumb","itemListElement":[{"@type":"ListItem","position":1,"name":"Home","item":"https:\/\/groupeloret.net\/"},{"@type":"ListItem","position":2,"name":"Contact Us"}]},{"@type":"WebSite","@id":"https:\/\/groupeloret.net\/#website","url":"https:\/\/groupeloret.net\/","name":"Groupe Loret","description":"Groupe Loret, leader Ultra-Marin de la distribution de marques et de services.","publisher":{"@id":"https:\/\/groupeloret.net\/#organization"},"potentialAction":[{"@type":"SearchAction","target":{"@type":"EntryPoint","urlTemplate":"https:\/\/groupeloret.net\/?s={search_term_string}"},"query-input":{"@type":"PropertyValueSpecification","valueRequired":true,"valueName":"search_term_string"}}],"inLanguage":"en-US"},{"@type":"Organization","@id":"https:\/\/groupeloret.net\/#organization","name":"Groupe Loret","url":"https:\/\/groupeloret.net\/","logo":{"@type":"ImageObject","inLanguage":"en-US","@id":"https:\/\/groupeloret.net\/#\/schema\/logo\/image\/","url":"https:\/\/i0.wp.com\/groupeloret.net\/wp-content\/uploads\/2020\/12\/logo.jpg?fit=533%2C376&ssl=1","contentUrl":"https:\/\/i0.wp.com\/groupeloret.net\/wp-content\/uploads\/2020\/12\/logo.jpg?fit=533%2C376&ssl=1","width":533,"height":376,"caption":"Groupe Loret"},"image":{"@id":"https:\/\/groupeloret.net\/#\/schema\/logo\/image\/"}}]}},"jetpack_shortlink":"https:\/\/wp.me\/PdHWWP-3K7","jetpack_sharing_enabled":true,"_links":{"self":[{"href":"https:\/\/groupeloret.net\/en\/wp-json\/wp\/v2\/pages\/14391","targetHints":{"allow":["GET"]}}],"collection":[{"href":"https:\/\/groupeloret.net\/en\/wp-json\/wp\/v2\/pages"}],"about":[{"href":"https:\/\/groupeloret.net\/en\/wp-json\/wp\/v2\/types\/page"}],"author":[{"embeddable":true,"href":"https:\/\/groupeloret.net\/en\/wp-json\/wp\/v2\/users\/1"}],"replies":[{"embeddable":true,"href":"https:\/\/groupeloret.net\/en\/wp-json\/wp\/v2\/comments?post=14391"}],"version-history":[{"count":0,"href":"https:\/\/groupeloret.net\/en\/wp-json\/wp\/v2\/pages\/14391\/revisions"}],"wp:featuredmedia":[{"embeddable":true,"href":"https:\/\/groupeloret.net\/en\/wp-json\/wp\/v2\/media\/14279"}],"wp:attachment":[{"href":"https:\/\/groupeloret.net\/en\/wp-json\/wp\/v2\/media?parent=14391"}],"curies":[{"name":"wp","href":"https:\/\/api.w.org\/{rel}","templated":true}]}}