{"id":14384,"date":"2021-09-03T10:04:37","date_gmt":"2021-09-03T10:04:37","guid":{"rendered":"https:\/\/groupeloret.net\/carrieres\/carrieres-guadeloupe\/"},"modified":"2022-09-30T10:26:59","modified_gmt":"2022-09-30T10:26:59","slug":"carrieres-guadeloupe","status":"publish","type":"page","link":"https:\/\/groupeloret.net\/en\/carrieres\/carrieres-guadeloupe\/","title":{"rendered":"Carri\u00e8res Guadeloupe"},"content":{"rendered":"\t\t<div data-elementor-type=\"wp-page\" data-elementor-id=\"14384\" class=\"elementor elementor-14384 elementor-12205\" data-elementor-post-type=\"page\">\n\t\t\t\t\t\t<section class=\"elementor-section elementor-top-section elementor-element elementor-element-f5359b3 elementor-section-boxed elementor-section-height-default elementor-section-height-default\" data-id=\"f5359b3\" data-element_type=\"section\" data-e-type=\"section\">\n\t\t\t\t\t\t<div class=\"elementor-container elementor-column-gap-default\">\n\t\t\t\t\t<div class=\"elementor-column elementor-col-100 elementor-top-column elementor-element elementor-element-018d6f6\" data-id=\"018d6f6\" data-element_type=\"column\" data-e-type=\"column\">\n\t\t\t<div class=\"elementor-widget-wrap elementor-element-populated\">\n\t\t\t\t\t\t<section class=\"elementor-section elementor-inner-section elementor-element elementor-element-3ae23fc elementor-section-boxed elementor-section-height-default elementor-section-height-default\" data-id=\"3ae23fc\" data-element_type=\"section\" data-e-type=\"section\">\n\t\t\t\t\t\t<div class=\"elementor-container elementor-column-gap-default\">\n\t\t\t\t\t<div class=\"elementor-column elementor-col-50 elementor-inner-column elementor-element elementor-element-fcd7ac3\" data-id=\"fcd7ac3\" data-element_type=\"column\" data-e-type=\"column\" data-settings=\"{&quot;background_background&quot;:&quot;classic&quot;}\">\n\t\t\t<div class=\"elementor-widget-wrap elementor-element-populated\">\n\t\t\t\t\t\t<div class=\"elementor-element elementor-element-2ddb258 elementor-nav-menu__align-start elementor-nav-menu--dropdown-tablet elementor-nav-menu__text-align-aside elementor-widget elementor-widget-nav-menu\" data-id=\"2ddb258\" data-element_type=\"widget\" data-e-type=\"widget\" data-settings=\"{&quot;layout&quot;:&quot;vertical&quot;,&quot;submenu_icon&quot;:{&quot;value&quot;:&quot;&lt;svg aria-hidden=\\&quot;true\\&quot; class=\\&quot;e-font-icon-svg e-fas-caret-down\\&quot; viewBox=\\&quot;0 0 320 512\\&quot; xmlns=\\&quot;http:\\\/\\\/www.w3.org\\\/2000\\\/svg\\&quot;&gt;&lt;path d=\\&quot;M31.3 192h257.3c17.8 0 26.7 21.5 14.1 34.1L174.1 354.8c-7.8 7.8-20.5 7.8-28.3 0L17.2 226.1C4.6 213.5 13.5 192 31.3 192z\\&quot;&gt;&lt;\\\/path&gt;&lt;\\\/svg&gt;&quot;,&quot;library&quot;:&quot;fa-solid&quot;}}\" data-widget_type=\"nav-menu.default\">\n\t\t\t\t\t\t\t\t<nav aria-label=\"Menu\" class=\"elementor-nav-menu--main elementor-nav-menu__container elementor-nav-menu--layout-vertical e--pointer-underline e--animation-slide\">\n\t\t\t\t<ul id=\"menu-1-2ddb258\" class=\"elementor-nav-menu sm-vertical\"><li class=\"menu-item menu-item-type-post_type menu-item-object-page menu-item-15450\"><a href=\"https:\/\/groupeloret.net\/en\/carrieres\/\" class=\"elementor-item\">All<\/a><\/li>\n<li class=\"menu-item menu-item-type-post_type menu-item-object-page menu-item-14839\"><a href=\"https:\/\/groupeloret.net\/en\/carrieres\/carrieres-guadeloupe\/\" class=\"elementor-item\">Guadeloupe<\/a><\/li>\n<li class=\"menu-item menu-item-type-post_type menu-item-object-page menu-item-14840\"><a href=\"https:\/\/groupeloret.net\/en\/carrieres\/carrieres-guyane\/\" class=\"elementor-item\">Guyane<\/a><\/li>\n<li class=\"menu-item menu-item-type-post_type menu-item-object-page menu-item-14841\"><a href=\"https:\/\/groupeloret.net\/en\/carrieres\/carrieres-martinique\/\" class=\"elementor-item\">Martinique<\/a><\/li>\n<li class=\"menu-item menu-item-type-post_type menu-item-object-page menu-item-14842\"><a href=\"https:\/\/groupeloret.net\/en\/carrieres\/carrieres-reunion\/\" class=\"elementor-item\">R\u00e9union<\/a><\/li>\n<li class=\"menu-item menu-item-type-post_type menu-item-object-page menu-item-14844\"><a href=\"https:\/\/groupeloret.net\/en\/carrieres\/carrieres-st-martin\/\" class=\"elementor-item\">St-Martin<\/a><\/li>\n<li class=\"menu-item menu-item-type-post_type menu-item-object-page menu-item-14843\"><a href=\"https:\/\/groupeloret.net\/en\/carrieres\/carrieres-st-barth\/\" class=\"elementor-item\">St-Barth<\/a><\/li>\n<\/ul>\t\t\t<\/nav>\n\t\t\t\t\t\t<nav class=\"elementor-nav-menu--dropdown elementor-nav-menu__container\" aria-hidden=\"true\">\n\t\t\t\t<ul id=\"menu-2-2ddb258\" class=\"elementor-nav-menu sm-vertical\"><li class=\"menu-item menu-item-type-post_type menu-item-object-page menu-item-15450\"><a href=\"https:\/\/groupeloret.net\/en\/carrieres\/\" class=\"elementor-item\" tabindex=\"-1\">All<\/a><\/li>\n<li class=\"menu-item menu-item-type-post_type menu-item-object-page menu-item-14839\"><a href=\"https:\/\/groupeloret.net\/en\/carrieres\/carrieres-guadeloupe\/\" class=\"elementor-item\" tabindex=\"-1\">Guadeloupe<\/a><\/li>\n<li class=\"menu-item menu-item-type-post_type menu-item-object-page menu-item-14840\"><a href=\"https:\/\/groupeloret.net\/en\/carrieres\/carrieres-guyane\/\" class=\"elementor-item\" tabindex=\"-1\">Guyane<\/a><\/li>\n<li class=\"menu-item menu-item-type-post_type menu-item-object-page menu-item-14841\"><a href=\"https:\/\/groupeloret.net\/en\/carrieres\/carrieres-martinique\/\" class=\"elementor-item\" tabindex=\"-1\">Martinique<\/a><\/li>\n<li class=\"menu-item menu-item-type-post_type menu-item-object-page menu-item-14842\"><a href=\"https:\/\/groupeloret.net\/en\/carrieres\/carrieres-reunion\/\" class=\"elementor-item\" tabindex=\"-1\">R\u00e9union<\/a><\/li>\n<li class=\"menu-item menu-item-type-post_type menu-item-object-page menu-item-14844\"><a href=\"https:\/\/groupeloret.net\/en\/carrieres\/carrieres-st-martin\/\" class=\"elementor-item\" tabindex=\"-1\">St-Martin<\/a><\/li>\n<li class=\"menu-item menu-item-type-post_type menu-item-object-page menu-item-14843\"><a href=\"https:\/\/groupeloret.net\/en\/carrieres\/carrieres-st-barth\/\" class=\"elementor-item\" tabindex=\"-1\">St-Barth<\/a><\/li>\n<\/ul>\t\t\t<\/nav>\n\t\t\t\t\t\t<\/div>\n\t\t\t\t\t<\/div>\n\t\t<\/div>\n\t\t\t\t<div class=\"elementor-column elementor-col-50 elementor-inner-column elementor-element elementor-element-ac4b76f\" data-id=\"ac4b76f\" data-element_type=\"column\" data-e-type=\"column\">\n\t\t\t<div class=\"elementor-widget-wrap elementor-element-populated\">\n\t\t\t\t\t\t<div class=\"elementor-element elementor-element-113e61c elementor-grid-3 elementor-grid-tablet-2 elementor-grid-mobile-1 elementor-posts--thumbnail-top elementor-card-shadow-yes elementor-posts__hover-gradient elementor-widget elementor-widget-posts\" data-id=\"113e61c\" data-element_type=\"widget\" data-e-type=\"widget\" data-settings=\"{&quot;cards_columns&quot;:&quot;3&quot;,&quot;cards_columns_tablet&quot;:&quot;2&quot;,&quot;cards_columns_mobile&quot;:&quot;1&quot;,&quot;cards_row_gap&quot;:{&quot;unit&quot;:&quot;px&quot;,&quot;size&quot;:35,&quot;sizes&quot;:[]},&quot;cards_row_gap_tablet&quot;:{&quot;unit&quot;:&quot;px&quot;,&quot;size&quot;:&quot;&quot;,&quot;sizes&quot;:[]},&quot;cards_row_gap_mobile&quot;:{&quot;unit&quot;:&quot;px&quot;,&quot;size&quot;:&quot;&quot;,&quot;sizes&quot;:[]}}\" data-widget_type=\"posts.cards\">\n\t\t\t\t<div class=\"elementor-widget-container\">\n\t\t\t\t\t\t\t<div class=\"elementor-posts-container elementor-posts elementor-posts--skin-cards elementor-grid\" role=\"list\">\n\t\t\t\t<article class=\"elementor-post elementor-grid-item post-20606 poste_vacant type-poste_vacant status-publish has-post-thumbnail hentry vacant_country-guadeloupe-vacant vacant_brand-saci\" role=\"listitem\">\n\t\t\t<div class=\"elementor-post__card\">\n\t\t\t\t<a class=\"elementor-post__thumbnail__link\" href=\"https:\/\/groupeloret.net\/en\/poste_vacant\/comptable-confirme-h-f\/\" tabindex=\"-1\" ><div class=\"elementor-post__thumbnail\"><img decoding=\"async\" width=\"300\" height=\"150\" src=\"https:\/\/i0.wp.com\/groupeloret.net\/wp-content\/uploads\/2024\/03\/logo-marques-saci.jpg?fit=300%2C150&amp;ssl=1\" class=\"attachment-medium size-medium wp-image-18611\" alt=\"\" srcset=\"https:\/\/i0.wp.com\/groupeloret.net\/wp-content\/uploads\/2024\/03\/logo-marques-saci.jpg?w=2085&amp;ssl=1 2085w, https:\/\/i0.wp.com\/groupeloret.net\/wp-content\/uploads\/2024\/03\/logo-marques-saci.jpg?resize=300%2C150&amp;ssl=1 300w, https:\/\/i0.wp.com\/groupeloret.net\/wp-content\/uploads\/2024\/03\/logo-marques-saci.jpg?resize=1024%2C512&amp;ssl=1 1024w, https:\/\/i0.wp.com\/groupeloret.net\/wp-content\/uploads\/2024\/03\/logo-marques-saci.jpg?resize=768%2C384&amp;ssl=1 768w, https:\/\/i0.wp.com\/groupeloret.net\/wp-content\/uploads\/2024\/03\/logo-marques-saci.jpg?resize=1536%2C768&amp;ssl=1 1536w, https:\/\/i0.wp.com\/groupeloret.net\/wp-content\/uploads\/2024\/03\/logo-marques-saci.jpg?resize=2048%2C1024&amp;ssl=1 2048w\" sizes=\"(max-width: 300px) 100vw, 300px\" \/><\/div><\/a>\n\t\t\t\t<div class=\"elementor-post__text\">\n\t\t\t\t<h3 class=\"elementor-post__title\">\n\t\t\t<a href=\"https:\/\/groupeloret.net\/en\/poste_vacant\/comptable-confirme-h-f\/\" >\n\t\t\t\tComptable Confirm\u00e9 H\/F\t\t\t<\/a>\n\t\t<\/h3>\n\t\t\t\t<div class=\"elementor-post__excerpt\">\n\t\t\t<p>Leader de la distribution de pi\u00e8ces de rechange auto et VI depuis 40 ans en Guadeloupe, distributeur Renault Trucks, la SACI poursuit son d\u00e9veloppement et recherche un Comptable Confirm\u00e9 H\/F.<\/p>\n\t\t<\/div>\n\t\t\n\t\t<a class=\"elementor-post__read-more\" href=\"https:\/\/groupeloret.net\/en\/poste_vacant\/comptable-confirme-h-f\/\" aria-label=\"Read more about Comptable Confirm\u00e9 H\/F\" tabindex=\"-1\" >\n\t\t\tEn savoir plus \u00bb\t\t<\/a>\n\n\t\t\t\t<\/div>\n\t\t\t\t<div class=\"elementor-post__meta-data\">\n\t\t\t\t\t<span class=\"elementor-post-date\">\n\t\t\t14 January 2026\t\t<\/span>\n\t\t\t\t<\/div>\n\t\t\t\t\t<\/div>\n\t\t<\/article>\n\t\t\t\t<article class=\"elementor-post elementor-grid-item post-20173 poste_vacant type-poste_vacant status-publish has-post-thumbnail hentry vacant_country-guadeloupe-vacant vacant_brand-auto-guadeloupe\" role=\"listitem\">\n\t\t\t<div class=\"elementor-post__card\">\n\t\t\t\t<a class=\"elementor-post__thumbnail__link\" href=\"https:\/\/groupeloret.net\/en\/poste_vacant\/technicienne-de-maintenance-informatique\/\" tabindex=\"-1\" ><div class=\"elementor-post__thumbnail\"><img decoding=\"async\" width=\"300\" height=\"150\" src=\"https:\/\/i0.wp.com\/groupeloret.net\/wp-content\/uploads\/2021\/09\/logo-marques-autoguadeloupe.jpg?fit=300%2C150&amp;ssl=1\" class=\"attachment-medium size-medium wp-image-14249\" alt=\"\" srcset=\"https:\/\/i0.wp.com\/groupeloret.net\/wp-content\/uploads\/2021\/09\/logo-marques-autoguadeloupe.jpg?w=2084&amp;ssl=1 2084w, https:\/\/i0.wp.com\/groupeloret.net\/wp-content\/uploads\/2021\/09\/logo-marques-autoguadeloupe.jpg?resize=300%2C150&amp;ssl=1 300w, https:\/\/i0.wp.com\/groupeloret.net\/wp-content\/uploads\/2021\/09\/logo-marques-autoguadeloupe.jpg?resize=1024%2C512&amp;ssl=1 1024w, https:\/\/i0.wp.com\/groupeloret.net\/wp-content\/uploads\/2021\/09\/logo-marques-autoguadeloupe.jpg?resize=768%2C384&amp;ssl=1 768w, https:\/\/i0.wp.com\/groupeloret.net\/wp-content\/uploads\/2021\/09\/logo-marques-autoguadeloupe.jpg?resize=1536%2C769&amp;ssl=1 1536w, https:\/\/i0.wp.com\/groupeloret.net\/wp-content\/uploads\/2021\/09\/logo-marques-autoguadeloupe.jpg?resize=2048%2C1025&amp;ssl=1 2048w\" sizes=\"(max-width: 300px) 100vw, 300px\" \/><\/div><\/a>\n\t\t\t\t<div class=\"elementor-post__text\">\n\t\t\t\t<h3 class=\"elementor-post__title\">\n\t\t\t<a href=\"https:\/\/groupeloret.net\/en\/poste_vacant\/technicienne-de-maintenance-informatique\/\" >\n\t\t\t\tTECHNICIEN(NE) DE MAINTENANCE INFORMATIQUE\t\t\t<\/a>\n\t\t<\/h3>\n\t\t\t\t<div class=\"elementor-post__excerpt\">\n\t\t\t<p>Type de contrat : CDI \u00e0 temps plein 35h &#8211; Permis B obligatoire<\/p>\n<p>LE POSTE:<br \/>\nSous l&#8217;autorit\u00e9 du responsable Informatique&#8230;<\/p>\n\t\t<\/div>\n\t\t\n\t\t<a class=\"elementor-post__read-more\" href=\"https:\/\/groupeloret.net\/en\/poste_vacant\/technicienne-de-maintenance-informatique\/\" aria-label=\"Read more about TECHNICIEN(NE) DE MAINTENANCE INFORMATIQUE\" tabindex=\"-1\" >\n\t\t\tEn savoir plus \u00bb\t\t<\/a>\n\n\t\t\t\t<\/div>\n\t\t\t\t<div class=\"elementor-post__meta-data\">\n\t\t\t\t\t<span class=\"elementor-post-date\">\n\t\t\t10 January 2024\t\t<\/span>\n\t\t\t\t<\/div>\n\t\t\t\t\t<\/div>\n\t\t<\/article>\n\t\t\t\t<article class=\"elementor-post elementor-grid-item post-18397 poste_vacant type-poste_vacant status-publish has-post-thumbnail hentry vacant_country-guadeloupe-vacant vacant_brand-auto-guadeloupe-mg\" role=\"listitem\">\n\t\t\t<div class=\"elementor-post__card\">\n\t\t\t\t<a class=\"elementor-post__thumbnail__link\" href=\"https:\/\/groupeloret.net\/en\/poste_vacant\/mg-recrute-un-vendeur-vn-a-particulier-h-f\/\" tabindex=\"-1\" ><div class=\"elementor-post__thumbnail\"><img decoding=\"async\" width=\"300\" height=\"150\" src=\"https:\/\/i0.wp.com\/groupeloret.net\/wp-content\/uploads\/2021\/09\/logo-marques-mg.jpg?fit=300%2C150&amp;ssl=1\" class=\"attachment-medium size-medium wp-image-14238\" alt=\"\" srcset=\"https:\/\/i0.wp.com\/groupeloret.net\/wp-content\/uploads\/2021\/09\/logo-marques-mg.jpg?w=2085&amp;ssl=1 2085w, https:\/\/i0.wp.com\/groupeloret.net\/wp-content\/uploads\/2021\/09\/logo-marques-mg.jpg?resize=300%2C150&amp;ssl=1 300w, https:\/\/i0.wp.com\/groupeloret.net\/wp-content\/uploads\/2021\/09\/logo-marques-mg.jpg?resize=1024%2C512&amp;ssl=1 1024w, https:\/\/i0.wp.com\/groupeloret.net\/wp-content\/uploads\/2021\/09\/logo-marques-mg.jpg?resize=768%2C384&amp;ssl=1 768w, https:\/\/i0.wp.com\/groupeloret.net\/wp-content\/uploads\/2021\/09\/logo-marques-mg.jpg?resize=1536%2C768&amp;ssl=1 1536w, https:\/\/i0.wp.com\/groupeloret.net\/wp-content\/uploads\/2021\/09\/logo-marques-mg.jpg?resize=2048%2C1024&amp;ssl=1 2048w\" sizes=\"(max-width: 300px) 100vw, 300px\" \/><\/div><\/a>\n\t\t\t\t<div class=\"elementor-post__text\">\n\t\t\t\t<h3 class=\"elementor-post__title\">\n\t\t\t<a href=\"https:\/\/groupeloret.net\/en\/poste_vacant\/mg-recrute-un-vendeur-vn-a-particulier-h-f\/\" >\n\t\t\t\tMG recrute un vendeur VN \u00e0 particulier (H\/F)\t\t\t<\/a>\n\t\t<\/h3>\n\t\t\t\t<div class=\"elementor-post__excerpt\">\n\t\t\t<p>Offre n\u00b0145<br \/>\nMG recrute un vendeur VN \u00e0 particulier (H\/F)<br \/>\nExp\u00e9rience commerciale dans un poste similaire de 2 ans minimum, Poste \u00e0 pourvoir&#8230;<\/p>\n\t\t<\/div>\n\t\t\n\t\t<a class=\"elementor-post__read-more\" href=\"https:\/\/groupeloret.net\/en\/poste_vacant\/mg-recrute-un-vendeur-vn-a-particulier-h-f\/\" aria-label=\"Read more about MG recrute un vendeur VN \u00e0 particulier (H\/F)\" tabindex=\"-1\" >\n\t\t\tEn savoir plus \u00bb\t\t<\/a>\n\n\t\t\t\t<\/div>\n\t\t\t\t<div class=\"elementor-post__meta-data\">\n\t\t\t\t\t<span class=\"elementor-post-date\">\n\t\t\t25 January 2023\t\t<\/span>\n\t\t\t\t<\/div>\n\t\t\t\t\t<\/div>\n\t\t<\/article>\n\t\t\t\t<\/div>\n\t\t\n\t\t\t\t\t\t<\/div>\n\t\t\t\t<\/div>\n\t\t\t\t\t<\/div>\n\t\t<\/div>\n\t\t\t\t\t<\/div>\n\t\t<\/section>\n\t\t\t\t\t<\/div>\n\t\t<\/div>\n\t\t\t\t\t<\/div>\n\t\t<\/section>\n\t\t\t\t<\/div>\n\t\t","protected":false},"excerpt":{"rendered":"","protected":false},"author":1,"featured_media":13563,"parent":14383,"menu_order":0,"comment_status":"closed","ping_status":"closed","template":"elementor_header_footer","meta":{"neve_meta_sidebar":"","neve_meta_container":"","neve_meta_enable_content_width":"","neve_meta_content_width":0,"neve_meta_title_alignment":"","neve_meta_author_avatar":"","neve_post_elements_order":"","neve_meta_disable_header":"","neve_meta_disable_footer":"","neve_meta_disable_title":"","iawp_total_views":23,"footnotes":""},"class_list":["post-14384","page","type-page","status-publish","has-post-thumbnail","hentry"],"yoast_head":"<!-- This site is optimized with the Yoast SEO plugin v27.3 - https:\/\/yoast.com\/product\/yoast-seo-wordpress\/ -->\n<title>Carri\u00e8res Guadeloupe | Groupe Loret<\/title>\n<meta name=\"robots\" content=\"index, follow, max-snippet:-1, max-image-preview:large, max-video-preview:-1\" \/>\n<link rel=\"canonical\" href=\"https:\/\/groupeloret.net\/carrieres\/carrieres-guadeloupe\/\" \/>\n<meta property=\"og:locale\" content=\"en_US\" \/>\n<meta property=\"og:type\" content=\"article\" \/>\n<meta property=\"og:title\" content=\"Carri\u00e8res Guadeloupe | Groupe Loret\" \/>\n<meta property=\"og:url\" content=\"https:\/\/groupeloret.net\/carrieres\/carrieres-guadeloupe\/\" \/>\n<meta property=\"og:site_name\" content=\"Groupe Loret\" \/>\n<meta property=\"article:modified_time\" content=\"2022-09-30T10:26:59+00:00\" \/>\n<meta property=\"og:image\" content=\"https:\/\/i0.wp.com\/groupeloret.net\/wp-content\/uploads\/2021\/07\/Enbref-scaled.jpg?fit=2560%2C840&ssl=1\" \/>\n\t<meta property=\"og:image:width\" content=\"2560\" \/>\n\t<meta property=\"og:image:height\" content=\"840\" \/>\n\t<meta property=\"og:image:type\" content=\"image\/jpeg\" \/>\n<meta name=\"twitter:card\" content=\"summary_large_image\" \/>\n<script type=\"application\/ld+json\" class=\"yoast-schema-graph\">{\"@context\":\"https:\\\/\\\/schema.org\",\"@graph\":[{\"@type\":\"WebPage\",\"@id\":\"https:\\\/\\\/groupeloret.net\\\/carrieres\\\/carrieres-guadeloupe\\\/\",\"url\":\"https:\\\/\\\/groupeloret.net\\\/carrieres\\\/carrieres-guadeloupe\\\/\",\"name\":\"Carri\u00e8res Guadeloupe | Groupe Loret\",\"isPartOf\":{\"@id\":\"https:\\\/\\\/groupeloret.net\\\/#website\"},\"primaryImageOfPage\":{\"@id\":\"https:\\\/\\\/groupeloret.net\\\/carrieres\\\/carrieres-guadeloupe\\\/#primaryimage\"},\"image\":{\"@id\":\"https:\\\/\\\/groupeloret.net\\\/carrieres\\\/carrieres-guadeloupe\\\/#primaryimage\"},\"thumbnailUrl\":\"https:\\\/\\\/i0.wp.com\\\/groupeloret.net\\\/wp-content\\\/uploads\\\/2021\\\/07\\\/Enbref-scaled.jpg?fit=2560%2C840&ssl=1\",\"datePublished\":\"2021-09-03T10:04:37+00:00\",\"dateModified\":\"2022-09-30T10:26:59+00:00\",\"breadcrumb\":{\"@id\":\"https:\\\/\\\/groupeloret.net\\\/carrieres\\\/carrieres-guadeloupe\\\/#breadcrumb\"},\"inLanguage\":\"en-US\",\"potentialAction\":[{\"@type\":\"ReadAction\",\"target\":[\"https:\\\/\\\/groupeloret.net\\\/carrieres\\\/carrieres-guadeloupe\\\/\"]}]},{\"@type\":\"ImageObject\",\"inLanguage\":\"en-US\",\"@id\":\"https:\\\/\\\/groupeloret.net\\\/carrieres\\\/carrieres-guadeloupe\\\/#primaryimage\",\"url\":\"https:\\\/\\\/i0.wp.com\\\/groupeloret.net\\\/wp-content\\\/uploads\\\/2021\\\/07\\\/Enbref-scaled.jpg?fit=2560%2C840&ssl=1\",\"contentUrl\":\"https:\\\/\\\/i0.wp.com\\\/groupeloret.net\\\/wp-content\\\/uploads\\\/2021\\\/07\\\/Enbref-scaled.jpg?fit=2560%2C840&ssl=1\",\"width\":2560,\"height\":840,\"caption\":\"Building Cityscape\"},{\"@type\":\"BreadcrumbList\",\"@id\":\"https:\\\/\\\/groupeloret.net\\\/carrieres\\\/carrieres-guadeloupe\\\/#breadcrumb\",\"itemListElement\":[{\"@type\":\"ListItem\",\"position\":1,\"name\":\"Home\",\"item\":\"https:\\\/\\\/groupeloret.net\\\/\"},{\"@type\":\"ListItem\",\"position\":2,\"name\":\"CAREERS\",\"item\":\"https:\\\/\\\/groupeloret.net\\\/carrieres\\\/\"},{\"@type\":\"ListItem\",\"position\":3,\"name\":\"Carri\u00e8res Guadeloupe\"}]},{\"@type\":\"WebSite\",\"@id\":\"https:\\\/\\\/groupeloret.net\\\/#website\",\"url\":\"https:\\\/\\\/groupeloret.net\\\/\",\"name\":\"Groupe Loret\",\"description\":\"Groupe Loret, leader Ultra-Marin de la distribution de marques et de services.\",\"publisher\":{\"@id\":\"https:\\\/\\\/groupeloret.net\\\/#organization\"},\"potentialAction\":[{\"@type\":\"SearchAction\",\"target\":{\"@type\":\"EntryPoint\",\"urlTemplate\":\"https:\\\/\\\/groupeloret.net\\\/?s={search_term_string}\"},\"query-input\":{\"@type\":\"PropertyValueSpecification\",\"valueRequired\":true,\"valueName\":\"search_term_string\"}}],\"inLanguage\":\"en-US\"},{\"@type\":\"Organization\",\"@id\":\"https:\\\/\\\/groupeloret.net\\\/#organization\",\"name\":\"Groupe Loret\",\"url\":\"https:\\\/\\\/groupeloret.net\\\/\",\"logo\":{\"@type\":\"ImageObject\",\"inLanguage\":\"en-US\",\"@id\":\"https:\\\/\\\/groupeloret.net\\\/#\\\/schema\\\/logo\\\/image\\\/\",\"url\":\"https:\\\/\\\/i0.wp.com\\\/groupeloret.net\\\/wp-content\\\/uploads\\\/2020\\\/12\\\/logo.jpg?fit=533%2C376&ssl=1\",\"contentUrl\":\"https:\\\/\\\/i0.wp.com\\\/groupeloret.net\\\/wp-content\\\/uploads\\\/2020\\\/12\\\/logo.jpg?fit=533%2C376&ssl=1\",\"width\":533,\"height\":376,\"caption\":\"Groupe Loret\"},\"image\":{\"@id\":\"https:\\\/\\\/groupeloret.net\\\/#\\\/schema\\\/logo\\\/image\\\/\"}}]}<\/script>\n<!-- \/ Yoast SEO plugin. -->","yoast_head_json":{"title":"Carri\u00e8res Guadeloupe | Groupe Loret","robots":{"index":"index","follow":"follow","max-snippet":"max-snippet:-1","max-image-preview":"max-image-preview:large","max-video-preview":"max-video-preview:-1"},"canonical":"https:\/\/groupeloret.net\/carrieres\/carrieres-guadeloupe\/","og_locale":"en_US","og_type":"article","og_title":"Carri\u00e8res Guadeloupe | Groupe Loret","og_url":"https:\/\/groupeloret.net\/carrieres\/carrieres-guadeloupe\/","og_site_name":"Groupe Loret","article_modified_time":"2022-09-30T10:26:59+00:00","og_image":[{"width":2560,"height":840,"url":"https:\/\/i0.wp.com\/groupeloret.net\/wp-content\/uploads\/2021\/07\/Enbref-scaled.jpg?fit=2560%2C840&ssl=1","type":"image\/jpeg"}],"twitter_card":"summary_large_image","schema":{"@context":"https:\/\/schema.org","@graph":[{"@type":"WebPage","@id":"https:\/\/groupeloret.net\/carrieres\/carrieres-guadeloupe\/","url":"https:\/\/groupeloret.net\/carrieres\/carrieres-guadeloupe\/","name":"Carri\u00e8res Guadeloupe | Groupe Loret","isPartOf":{"@id":"https:\/\/groupeloret.net\/#website"},"primaryImageOfPage":{"@id":"https:\/\/groupeloret.net\/carrieres\/carrieres-guadeloupe\/#primaryimage"},"image":{"@id":"https:\/\/groupeloret.net\/carrieres\/carrieres-guadeloupe\/#primaryimage"},"thumbnailUrl":"https:\/\/i0.wp.com\/groupeloret.net\/wp-content\/uploads\/2021\/07\/Enbref-scaled.jpg?fit=2560%2C840&ssl=1","datePublished":"2021-09-03T10:04:37+00:00","dateModified":"2022-09-30T10:26:59+00:00","breadcrumb":{"@id":"https:\/\/groupeloret.net\/carrieres\/carrieres-guadeloupe\/#breadcrumb"},"inLanguage":"en-US","potentialAction":[{"@type":"ReadAction","target":["https:\/\/groupeloret.net\/carrieres\/carrieres-guadeloupe\/"]}]},{"@type":"ImageObject","inLanguage":"en-US","@id":"https:\/\/groupeloret.net\/carrieres\/carrieres-guadeloupe\/#primaryimage","url":"https:\/\/i0.wp.com\/groupeloret.net\/wp-content\/uploads\/2021\/07\/Enbref-scaled.jpg?fit=2560%2C840&ssl=1","contentUrl":"https:\/\/i0.wp.com\/groupeloret.net\/wp-content\/uploads\/2021\/07\/Enbref-scaled.jpg?fit=2560%2C840&ssl=1","width":2560,"height":840,"caption":"Building Cityscape"},{"@type":"BreadcrumbList","@id":"https:\/\/groupeloret.net\/carrieres\/carrieres-guadeloupe\/#breadcrumb","itemListElement":[{"@type":"ListItem","position":1,"name":"Home","item":"https:\/\/groupeloret.net\/"},{"@type":"ListItem","position":2,"name":"CAREERS","item":"https:\/\/groupeloret.net\/carrieres\/"},{"@type":"ListItem","position":3,"name":"Carri\u00e8res Guadeloupe"}]},{"@type":"WebSite","@id":"https:\/\/groupeloret.net\/#website","url":"https:\/\/groupeloret.net\/","name":"Groupe Loret","description":"Groupe Loret, leader Ultra-Marin de la distribution de marques et de services.","publisher":{"@id":"https:\/\/groupeloret.net\/#organization"},"potentialAction":[{"@type":"SearchAction","target":{"@type":"EntryPoint","urlTemplate":"https:\/\/groupeloret.net\/?s={search_term_string}"},"query-input":{"@type":"PropertyValueSpecification","valueRequired":true,"valueName":"search_term_string"}}],"inLanguage":"en-US"},{"@type":"Organization","@id":"https:\/\/groupeloret.net\/#organization","name":"Groupe Loret","url":"https:\/\/groupeloret.net\/","logo":{"@type":"ImageObject","inLanguage":"en-US","@id":"https:\/\/groupeloret.net\/#\/schema\/logo\/image\/","url":"https:\/\/i0.wp.com\/groupeloret.net\/wp-content\/uploads\/2020\/12\/logo.jpg?fit=533%2C376&ssl=1","contentUrl":"https:\/\/i0.wp.com\/groupeloret.net\/wp-content\/uploads\/2020\/12\/logo.jpg?fit=533%2C376&ssl=1","width":533,"height":376,"caption":"Groupe Loret"},"image":{"@id":"https:\/\/groupeloret.net\/#\/schema\/logo\/image\/"}}]}},"jetpack_shortlink":"https:\/\/wp.me\/PdHWWP-3K0","jetpack_sharing_enabled":true,"_links":{"self":[{"href":"https:\/\/groupeloret.net\/en\/wp-json\/wp\/v2\/pages\/14384","targetHints":{"allow":["GET"]}}],"collection":[{"href":"https:\/\/groupeloret.net\/en\/wp-json\/wp\/v2\/pages"}],"about":[{"href":"https:\/\/groupeloret.net\/en\/wp-json\/wp\/v2\/types\/page"}],"author":[{"embeddable":true,"href":"https:\/\/groupeloret.net\/en\/wp-json\/wp\/v2\/users\/1"}],"replies":[{"embeddable":true,"href":"https:\/\/groupeloret.net\/en\/wp-json\/wp\/v2\/comments?post=14384"}],"version-history":[{"count":0,"href":"https:\/\/groupeloret.net\/en\/wp-json\/wp\/v2\/pages\/14384\/revisions"}],"up":[{"embeddable":true,"href":"https:\/\/groupeloret.net\/en\/wp-json\/wp\/v2\/pages\/14383"}],"wp:featuredmedia":[{"embeddable":true,"href":"https:\/\/groupeloret.net\/en\/wp-json\/wp\/v2\/media\/13563"}],"wp:attachment":[{"href":"https:\/\/groupeloret.net\/en\/wp-json\/wp\/v2\/media?parent=14384"}],"curies":[{"name":"wp","href":"https:\/\/api.w.org\/{rel}","templated":true}]}}